{"id":2847,"date":"2025-09-01T21:15:46","date_gmt":"2025-09-01T21:15:46","guid":{"rendered":"https:\/\/thefolkremedies.com\/?page_id=2847"},"modified":"2026-02-20T22:17:26","modified_gmt":"2026-02-20T20:17:26","slug":"2847-2","status":"publish","type":"page","link":"https:\/\/thefolkremedies.com\/hu\/","title":{"rendered":"A Wise Woman&#8217;s Folk Remedies"},"content":{"rendered":"<h3 class=\"wp-block-heading has-text-align-center\">Egy F\u00fcvesasszony gy\u0171jtem\u00e9nye<\/h3>\n\n\n\n<div class=\"wp-block-columns is-layout-flex wp-container-core-columns-is-layout-28f84493 wp-block-columns-is-layout-flex\">\n<div class=\"wp-block-column is-layout-flow wp-block-column-is-layout-flow\" style=\"flex-basis:100%\">\n<p class=\"has-text-align-center translation-block\">A f\u00fcvesasszony a n\u00e9pi tud\u00e1s \u0151rz\u0151je.\nA tud\u00e1sa halk, \u00f6szt\u00f6n\u00f6s, \u00e9s t\u00f6rt\u00e9netekb\u0151l, a term\u00e9szetb\u0151l \u00e9s saj\u00e1t meg\u00e9lt tapasztalataib\u00f3l \u00e9p\u00fcl fel.\nTudja, mikor \u00e9rdemes megsz\u00f3lalni, \u00e9s mikor el\u00e9g csak csendben ott lenni valaki mellett a f\u00e1jdalm\u00e1ban.\nSok hagyom\u00e1nyban \u0151 az a n\u0151, aki figyel a term\u00e9szetre, a test jelz\u00e9seire \u00e9s a l\u00e9lek hangj\u00e1ra.<\/p>\n\n\n\n<h6 class=\"wp-block-heading has-text-align-center\">Minden n\u0151ben \u00e9l egy F\u00fcvesasszony <\/h6>\n\n\n\n<p class=\"has-text-align-center\">a part of her that knows how to heal, nurture, and reconnect.<br>She might be quiet, buried under the noise of life,<br>but she\u2019s still there &#8211; waiting to be remembered.<\/p>\n\n\n\n<p class=\"has-text-align-center translation-block\">Ez\u00e9rt hoztam l\u00e9tre ezt a teret:\nhogy eml\u00e9kezz a benned \u00e9l\u0151 F\u00fcvesasszonyra,\n\u00e9s arra a tud\u00e1sra, amit magadban hordozol.<\/p>\n\n\n\n<h6 class=\"wp-block-heading has-text-align-center\">A term\u00e9szetben gy\u00f6kerezik, \u00e9s hagyom\u00e1nyok form\u00e1lt\u00e1k.<\/h6>\n\n\n\n<p class=\"has-text-align-center\">A n\u00e9pi gy\u00f3gym\u00f3dok nem csup\u00e1n r\u00e9gi receptek, ami nemzed\u00e9kr\u0151l-nemzed\u00e9kre sz\u00e1ll tov\u00e1bb:  benn\u00fck \u00e9l annak az eml\u00e9ke, hogyan enyh\u00edtett\u00e9k nagymam\u00e1ink a l\u00e1zat, hogyan csillap\u00edtja egy dal a nyugtalan sz\u00edvet, \u00e9s hogyan hordoznak gy\u00f3gy\u00edt\u00f3 er\u0151t a t\u0171z mellett mes\u00e9lt t\u00f6rt\u00e9netek<\/p>\n\n\n\n<h6 class=\"wp-block-heading has-text-align-center\"> \u0151si, k\u00f6z\u00f6ss\u00e9gi, \u00e9l\u0151 \u00e9s v\u00e1ltoz\u00f3 <\/h6>\n\n\n\n<p class=\"has-text-align-center\">They are all the songs, stories, rituals, and everyday practices that helps us to reconnect with our inner knowing, the rhythms of nature, and offer healing for both body and spirit. Each remedy is a reminder of where we come from and how we stay connected.<\/p>\n\n\n\n<p class=\"has-text-align-center\">This space weaves together folk wisdom, ritual, grief support, and embodied practices for women walking through life\u2019s thresholds.<\/p>\n<\/div>\n<\/div>\n\n\n\n<div class=\"wp-block-media-text is-stacked-on-mobile\" style=\"grid-template-columns:33% auto\"><figure class=\"wp-block-media-text__media\"><img loading=\"lazy\" decoding=\"async\" width=\"938\" height=\"1024\" src=\"https:\/\/thefolkremedies.com\/wp-content\/uploads\/2025\/12\/F6AE6A87-64FE-4819-85E0-B03F6F13120F-938x1024.jpeg\" alt=\"f6ae6a87 64fe 4819 85e0 b03f6f13120f\" class=\"wp-image-3405 size-full\" title=\"A Wise Woman&#039;s Folk Remedies\" srcset=\"https:\/\/thefolkremedies.com\/wp-content\/uploads\/2025\/12\/F6AE6A87-64FE-4819-85E0-B03F6F13120F-938x1024.jpeg 938w, https:\/\/thefolkremedies.com\/wp-content\/uploads\/2025\/12\/F6AE6A87-64FE-4819-85E0-B03F6F13120F-275x300.jpeg 275w, https:\/\/thefolkremedies.com\/wp-content\/uploads\/2025\/12\/F6AE6A87-64FE-4819-85E0-B03F6F13120F-768x838.jpeg 768w, https:\/\/thefolkremedies.com\/wp-content\/uploads\/2025\/12\/F6AE6A87-64FE-4819-85E0-B03F6F13120F-1407x1536.jpeg 1407w, https:\/\/thefolkremedies.com\/wp-content\/uploads\/2025\/12\/F6AE6A87-64FE-4819-85E0-B03F6F13120F-1877x2048.jpeg 1877w, https:\/\/thefolkremedies.com\/wp-content\/uploads\/2025\/12\/F6AE6A87-64FE-4819-85E0-B03F6F13120F-11x12.jpeg 11w\" sizes=\"auto, (max-width: 938px) 100vw, 938px\" \/><\/figure><div class=\"wp-block-media-text__content\">\n<h6 class=\"wp-block-heading\">Szia, Rebeka vagyok. <\/h6>\n\n\n\n<p class=\"translation-block\">J\u00f3gaterapeuta, k\u00e9pz\u00e9sben l\u00e9v\u0151  term\u00e9szetgy\u00f3gy\u00e1sz,  \u00e9s INELDA-k\u00e9pzett gy\u00e1sz-\u00e9s \u00e9letv\u00e9gi d\u00fala.\nT\u00e9rtart\u00f3 besz\u00e9lget\u00e9sekhez a n\u0151k eg\u00e9szs\u00e9g\u00e9r\u0151l, menstru\u00e1ci\u00f3r\u00f3l, HPV-r\u0151l, abortuszr\u00f3l, vesztes\u00e9gr\u0151l, hal\u00e1lr\u00f3l, \u00e9s olyan v\u00e1ltoz\u00e1sokr\u00f3l, amiken sokszor egyed\u00fcl megy\u00fcnk kereszt\u00fcl.<\/p>\n\n\n\n<p>Ez a t\u00e9r a term\u00e9szet, a r\u00edtusok \u00e9s a k\u00e9zm\u0171vess\u00e9g ir\u00e1nti szeretetemb\u0151l sz\u00fcletett, valamint annak a gy\u00f3gy\u00edt\u00f3 ererj\u00e9b\u0151l, amikor teljes val\u00f3nkban l\u00e1tj\u00e1k, hallj\u00e1k \u00e9s elfogadj\u00e1k, egyar\u00e1nt a f\u00e9nyt, amit sug\u00e1rzunk, \u00e9s az \u00e1rny\u00e9kos sarkokat, amiket gyakran rejteget\u00fcnk.<\/p>\n<\/div><\/div>\n\n\n\n<p><\/p>","protected":false},"excerpt":{"rendered":"<p>A WISE WOMAN&#8217;S FOLK REMEDIES A Wise Woman is a keeper of folk wisdom.Her knowledge is quiet, intuitive, and woven [&hellip;]<\/p>","protected":false},"author":1,"featured_media":3268,"parent":0,"menu_order":0,"comment_status":"closed","ping_status":"closed","template":"","meta":{"_surecart_dashboard_logo_width":"180px","_surecart_dashboard_show_logo":true,"_surecart_dashboard_navigation_orders":true,"_surecart_dashboard_navigation_invoices":true,"_surecart_dashboard_navigation_subscriptions":true,"_surecart_dashboard_navigation_downloads":true,"_surecart_dashboard_navigation_billing":true,"_surecart_dashboard_navigation_account":true,"_uag_custom_page_level_css":"","_monsterinsights_skip_tracking":false,"_monsterinsights_sitenote_active":false,"_monsterinsights_sitenote_note":"","_monsterinsights_sitenote_category":0,"site-sidebar-layout":"default","site-content-layout":"","ast-site-content-layout":"default","site-content-style":"default","site-sidebar-style":"default","ast-global-header-display":"","ast-banner-title-visibility":"","ast-main-header-display":"","ast-hfb-above-header-display":"","ast-hfb-below-header-display":"","ast-hfb-mobile-header-display":"","site-post-title":"disabled","ast-breadcrumbs-content":"","ast-featured-img":"","footer-sml-layout":"","theme-transparent-header-meta":"","adv-header-id-meta":"","stick-header-meta":"","header-above-stick-meta":"","header-main-stick-meta":"","header-below-stick-meta":"","astra-migrate-meta-layouts":"set","ast-page-background-enabled":"default","ast-page-background-meta":{"desktop":{"background-color":"var(--ast-global-color-4)","background-image":"","background-repeat":"repeat","background-position":"center center","background-size":"auto","background-attachment":"scroll","background-type":"","background-media":"","overlay-type":"","overlay-color":"","overlay-opacity":"","overlay-gradient":""},"tablet":{"background-color":"","background-image":"","background-repeat":"repeat","background-position":"center center","background-size":"auto","background-attachment":"scroll","background-type":"","background-media":"","overlay-type":"","overlay-color":"","overlay-opacity":"","overlay-gradient":""},"mobile":{"background-color":"","background-image":"","background-repeat":"repeat","background-position":"center center","background-size":"auto","background-attachment":"scroll","background-type":"","background-media":"","overlay-type":"","overlay-color":"","overlay-opacity":"","overlay-gradient":""}},"ast-content-background-meta":{"desktop":{"background-color":"var(--ast-global-color-5)","background-image":"","background-repeat":"repeat","background-position":"center center","background-size":"auto","background-attachment":"scroll","background-type":"","background-media":"","overlay-type":"","overlay-color":"","overlay-opacity":"","overlay-gradient":""},"tablet":{"background-color":"var(--ast-global-color-5)","background-image":"","background-repeat":"repeat","background-position":"center center","background-size":"auto","background-attachment":"scroll","background-type":"","background-media":"","overlay-type":"","overlay-color":"","overlay-opacity":"","overlay-gradient":""},"mobile":{"background-color":"var(--ast-global-color-5)","background-image":"","background-repeat":"repeat","background-position":"center center","background-size":"auto","background-attachment":"scroll","background-type":"","background-media":"","overlay-type":"","overlay-color":"","overlay-opacity":"","overlay-gradient":""}},"footnotes":""},"class_list":["post-2847","page","type-page","status-publish","has-post-thumbnail","hentry"],"aioseo_notices":[],"_hostinger_reach_plugin_has_subscription_block":false,"_hostinger_reach_plugin_is_elementor":false,"uagb_featured_image_src":{"full":["https:\/\/thefolkremedies.com\/wp-content\/uploads\/2025\/09\/cropped-cropped-cropped-iras-oldalt-1.jpg",512,512,false],"thumbnail":["https:\/\/thefolkremedies.com\/wp-content\/uploads\/2025\/09\/cropped-cropped-cropped-iras-oldalt-1-150x150.jpg",150,150,true],"medium":["https:\/\/thefolkremedies.com\/wp-content\/uploads\/2025\/09\/cropped-cropped-cropped-iras-oldalt-1-300x300.jpg",300,300,true],"medium_large":["https:\/\/thefolkremedies.com\/wp-content\/uploads\/2025\/09\/cropped-cropped-cropped-iras-oldalt-1.jpg",512,512,false],"large":["https:\/\/thefolkremedies.com\/wp-content\/uploads\/2025\/09\/cropped-cropped-cropped-iras-oldalt-1.jpg",512,512,false],"1536x1536":["https:\/\/thefolkremedies.com\/wp-content\/uploads\/2025\/09\/cropped-cropped-cropped-iras-oldalt-1.jpg",512,512,false],"2048x2048":["https:\/\/thefolkremedies.com\/wp-content\/uploads\/2025\/09\/cropped-cropped-cropped-iras-oldalt-1.jpg",512,512,false],"trp-custom-language-flag":["https:\/\/thefolkremedies.com\/wp-content\/uploads\/2025\/09\/cropped-cropped-cropped-iras-oldalt-1-12x12.jpg",12,12,true]},"uagb_author_info":{"display_name":"Rebeka","author_link":"https:\/\/thefolkremedies.com\/hu\/author\/rebekamuranyigmail-com\/"},"uagb_comment_info":0,"uagb_excerpt":"A WISE WOMAN&#8217;S FOLK REMEDIES A Wise Woman is a keeper of folk wisdom.Her knowledge is quiet, intuitive, and woven [&hellip;]","_links":{"self":[{"href":"https:\/\/thefolkremedies.com\/hu\/wp-json\/wp\/v2\/pages\/2847","targetHints":{"allow":["GET"]}}],"collection":[{"href":"https:\/\/thefolkremedies.com\/hu\/wp-json\/wp\/v2\/pages"}],"about":[{"href":"https:\/\/thefolkremedies.com\/hu\/wp-json\/wp\/v2\/types\/page"}],"author":[{"embeddable":true,"href":"https:\/\/thefolkremedies.com\/hu\/wp-json\/wp\/v2\/users\/1"}],"replies":[{"embeddable":true,"href":"https:\/\/thefolkremedies.com\/hu\/wp-json\/wp\/v2\/comments?post=2847"}],"version-history":[{"count":30,"href":"https:\/\/thefolkremedies.com\/hu\/wp-json\/wp\/v2\/pages\/2847\/revisions"}],"predecessor-version":[{"id":3443,"href":"https:\/\/thefolkremedies.com\/hu\/wp-json\/wp\/v2\/pages\/2847\/revisions\/3443"}],"wp:featuredmedia":[{"embeddable":true,"href":"https:\/\/thefolkremedies.com\/hu\/wp-json\/wp\/v2\/media\/3268"}],"wp:attachment":[{"href":"https:\/\/thefolkremedies.com\/hu\/wp-json\/wp\/v2\/media?parent=2847"}],"curies":[{"name":"wp","href":"https:\/\/api.w.org\/{rel}","templated":true}]}}