{"id":2925,"date":"2025-09-02T22:18:33","date_gmt":"2025-09-02T22:18:33","guid":{"rendered":"https:\/\/thefolkremedies.com\/?page_id=2925"},"modified":"2025-09-10T21:38:03","modified_gmt":"2025-09-10T21:38:03","slug":"about","status":"publish","type":"page","link":"https:\/\/thefolkremedies.com\/hu\/about\/","title":{"rendered":"About"},"content":{"rendered":"<div class=\"wp-block-media-text has-media-on-the-right is-stacked-on-mobile\" style=\"grid-template-columns:auto 33%\"><div class=\"wp-block-media-text__content\">\n<p>hey, I\u2019m Rebeka<\/p>\n\n\n\n<p class=\"translation-block\">J\u00f3gaterapeuta, k\u00e9pz\u00e9sben l\u00e9v\u0151  term\u00e9szetgy\u00f3gy\u00e1sz,  \u00e9s INELDA-k\u00e9pzett gy\u00e1sz-\u00e9s \u00e9letv\u00e9gi d\u00fala.\nT\u00e9rtart\u00f3 besz\u00e9lget\u00e9sekhez a n\u0151k eg\u00e9szs\u00e9g\u00e9r\u0151l, menstru\u00e1ci\u00f3r\u00f3l, HPV-r\u0151l, abortuszr\u00f3l, vesztes\u00e9gr\u0151l, hal\u00e1lr\u00f3l, \u00e9s olyan v\u00e1ltoz\u00e1sokr\u00f3l, amiken sokszor egyed\u00fcl megy\u00fcnk kereszt\u00fcl.<\/p>\n\n\n\n<p><\/p>\n<\/div><figure class=\"wp-block-media-text__media\"><img decoding=\"async\" src=\"https:\/\/thefolkremedies.com\/wp-content\/uploads\/2025\/09\/BEAE4A2A-5B16-4D56-A6C8-7479B4EC0D24-1024x732.jpeg\" alt=\"beae4a2a 5b16 4d56 a6c8 7479b4ec0d24\" class=\"wp-image-2976 size-full\" title=\"About\"><\/figure><\/div>\n\n\n\n<p><\/p>","protected":false},"excerpt":{"rendered":"<p>hey, I\u2019m Rebeka yoga therapist, herbalist in training, INELDA-trained grief and death doula.I hold space for conversations around women\u2019s health, [&hellip;]<\/p>","protected":false},"author":1,"featured_media":0,"parent":0,"menu_order":0,"comment_status":"closed","ping_status":"closed","template":"","meta":{"_surecart_dashboard_logo_width":"180px","_surecart_dashboard_show_logo":true,"_surecart_dashboard_navigation_orders":true,"_surecart_dashboard_navigation_invoices":true,"_surecart_dashboard_navigation_subscriptions":true,"_surecart_dashboard_navigation_downloads":true,"_surecart_dashboard_navigation_billing":true,"_surecart_dashboard_navigation_account":true,"_uag_custom_page_level_css":"","_monsterinsights_skip_tracking":false,"_monsterinsights_sitenote_active":false,"_monsterinsights_sitenote_note":"","_monsterinsights_sitenote_category":0,"site-sidebar-layout":"default","site-content-layout":"","ast-site-content-layout":"default","site-content-style":"default","site-sidebar-style":"default","ast-global-header-display":"","ast-banner-title-visibility":"","ast-main-header-display":"","ast-hfb-above-header-display":"","ast-hfb-below-header-display":"","ast-hfb-mobile-header-display":"","site-post-title":"","ast-breadcrumbs-content":"","ast-featured-img":"","footer-sml-layout":"","theme-transparent-header-meta":"","adv-header-id-meta":"","stick-header-meta":"","header-above-stick-meta":"","header-main-stick-meta":"","header-below-stick-meta":"","astra-migrate-meta-layouts":"set","ast-page-background-enabled":"default","ast-page-background-meta":{"desktop":{"background-color":"var(--ast-global-color-4)","background-image":"","background-repeat":"repeat","background-position":"center center","background-size":"auto","background-attachment":"scroll","background-type":"","background-media":"","overlay-type":"","overlay-color":"","overlay-opacity":"","overlay-gradient":""},"tablet":{"background-color":"","background-image":"","background-repeat":"repeat","background-position":"center center","background-size":"auto","background-attachment":"scroll","background-type":"","background-media":"","overlay-type":"","overlay-color":"","overlay-opacity":"","overlay-gradient":""},"mobile":{"background-color":"","background-image":"","background-repeat":"repeat","background-position":"center center","background-size":"auto","background-attachment":"scroll","background-type":"","background-media":"","overlay-type":"","overlay-color":"","overlay-opacity":"","overlay-gradient":""}},"ast-content-background-meta":{"desktop":{"background-color":"var(--ast-global-color-5)","background-image":"","background-repeat":"repeat","background-position":"center center","background-size":"auto","background-attachment":"scroll","background-type":"","background-media":"","overlay-type":"","overlay-color":"","overlay-opacity":"","overlay-gradient":""},"tablet":{"background-color":"var(--ast-global-color-5)","background-image":"","background-repeat":"repeat","background-position":"center center","background-size":"auto","background-attachment":"scroll","background-type":"","background-media":"","overlay-type":"","overlay-color":"","overlay-opacity":"","overlay-gradient":""},"mobile":{"background-color":"var(--ast-global-color-5)","background-image":"","background-repeat":"repeat","background-position":"center center","background-size":"auto","background-attachment":"scroll","background-type":"","background-media":"","overlay-type":"","overlay-color":"","overlay-opacity":"","overlay-gradient":""}},"footnotes":""},"class_list":["post-2925","page","type-page","status-publish","hentry"],"aioseo_notices":[],"_hostinger_reach_plugin_has_subscription_block":false,"_hostinger_reach_plugin_is_elementor":false,"uagb_featured_image_src":{"full":false,"thumbnail":false,"medium":false,"medium_large":false,"large":false,"1536x1536":false,"2048x2048":false,"trp-custom-language-flag":false},"uagb_author_info":{"display_name":"Rebeka","author_link":"https:\/\/thefolkremedies.com\/hu\/author\/rebekamuranyigmail-com\/"},"uagb_comment_info":0,"uagb_excerpt":"hey, I\u2019m Rebeka yoga therapist, herbalist in training, INELDA-trained grief and death doula.I hold space for conversations around women\u2019s health, [&hellip;]","_links":{"self":[{"href":"https:\/\/thefolkremedies.com\/hu\/wp-json\/wp\/v2\/pages\/2925","targetHints":{"allow":["GET"]}}],"collection":[{"href":"https:\/\/thefolkremedies.com\/hu\/wp-json\/wp\/v2\/pages"}],"about":[{"href":"https:\/\/thefolkremedies.com\/hu\/wp-json\/wp\/v2\/types\/page"}],"author":[{"embeddable":true,"href":"https:\/\/thefolkremedies.com\/hu\/wp-json\/wp\/v2\/users\/1"}],"replies":[{"embeddable":true,"href":"https:\/\/thefolkremedies.com\/hu\/wp-json\/wp\/v2\/comments?post=2925"}],"version-history":[{"count":2,"href":"https:\/\/thefolkremedies.com\/hu\/wp-json\/wp\/v2\/pages\/2925\/revisions"}],"predecessor-version":[{"id":3045,"href":"https:\/\/thefolkremedies.com\/hu\/wp-json\/wp\/v2\/pages\/2925\/revisions\/3045"}],"wp:attachment":[{"href":"https:\/\/thefolkremedies.com\/hu\/wp-json\/wp\/v2\/media?parent=2925"}],"curies":[{"name":"wp","href":"https:\/\/api.w.org\/{rel}","templated":true}]}}